{"id":177,"date":"2018-11-18T20:59:19","date_gmt":"2018-11-18T19:59:19","guid":{"rendered":"https:\/\/musikverein-poppenhausen.de\/?page_id=177"},"modified":"2025-02-26T21:54:39","modified_gmt":"2025-02-26T20:54:39","slug":"jugendarbeit","status":"publish","type":"page","link":"https:\/\/musikverein-poppenhausen.de\/?page_id=177","title":{"rendered":"Jugendarbeit"},"content":{"rendered":"<p style=\"text-align: left;\">Ansprechpartner f\u00fcr das Jugendorchester ist Maik Lotz. Gerne \u00fcber das <a href=\"https:\/\/musikverein-poppenhausen.de\/?page_id=179\">Kontaktformular<\/a> anschreiben.<\/p>\n<p style=\"text-align: left;\">Die Jugendorchester-Proben finden seit Oktober 2024 endlich wieder statt. 11 junge Musikerinnen und Musiker aus nahezu allen Registern treffen sich zwei-w\u00f6chentlich im Von-Steinr\u00fcck-Haus, um das Zusammenspiel zu trainieren. Mit viel Spa\u00df am Musizieren und an der Gemeinschaft w\u00e4chst das K\u00f6nnen auf dem eigenen Instrument. Die Gruppe hatte im Dezember 2024 bereits einen kleinen Auftritt in der Grundschule.<\/p>\n<figure id=\"attachment_1244\" aria-describedby=\"caption-attachment-1244\" style=\"width: 800px\" class=\"wp-caption aligncenter\"><img loading=\"lazy\" decoding=\"async\" class=\"size-large wp-image-1244\" src=\"https:\/\/musikverein-poppenhausen.de\/wp-content\/uploads\/2025\/02\/Jungblaeser-2-1024x576.jpg\" alt=\"\" width=\"800\" height=\"450\" srcset=\"https:\/\/musikverein-poppenhausen.de\/wp-content\/uploads\/2025\/02\/Jungblaeser-2-1024x576.jpg 1024w, https:\/\/musikverein-poppenhausen.de\/wp-content\/uploads\/2025\/02\/Jungblaeser-2-300x169.jpg 300w, https:\/\/musikverein-poppenhausen.de\/wp-content\/uploads\/2025\/02\/Jungblaeser-2-768x432.jpg 768w, https:\/\/musikverein-poppenhausen.de\/wp-content\/uploads\/2025\/02\/Jungblaeser-2-1536x864.jpg 1536w, https:\/\/musikverein-poppenhausen.de\/wp-content\/uploads\/2025\/02\/Jungblaeser-2-2048x1152.jpg 2048w\" sizes=\"(max-width: 800px) 100vw, 800px\" \/><figcaption id=\"caption-attachment-1244\" class=\"wp-caption-text\">der erste Auftritt in der Grundschule Poppenhausen<\/figcaption><\/figure>\n<p style=\"text-align: left;\">Wir freuen uns sehr, dass wir seit Anfang des Jahres 2025 wieder neue interessierte Kinder f\u00fcr ein Instrument begeistern konnten. Vier Kinder starten aktuell die Ausbildung.<\/p>\n<p style=\"text-align: left;\">Im Musikverein C\u00e4cilia Poppenhausen ist jeder Blasmusik-Interessierte, ob mit oder ohne Vorkenntnisse, ob Kind oder Erwachsener, herzlich willkommen. Ansprechpartner des Musikvereins f\u00fcr die Ausbildung sind Manfred M\u00fcnch, Maik Lotz, Andreas Storch und Martina R\u00fcbsam oder jedes andere Mitglied \u00fcber unser <a href=\"https:\/\/musikverein-poppenhausen.de\/?page_id=179\">Kontaktformular<\/a>.<\/p>\n<p><img loading=\"lazy\" decoding=\"async\" class=\"alignnone size-large wp-image-1267 aligncenter\" src=\"https:\/\/musikverein-poppenhausen.de\/wp-content\/uploads\/2025\/02\/Flyer-Jungendwerbung2-978x1024.jpg\" alt=\"\" width=\"800\" height=\"838\" srcset=\"https:\/\/musikverein-poppenhausen.de\/wp-content\/uploads\/2025\/02\/Flyer-Jungendwerbung2-978x1024.jpg 978w, https:\/\/musikverein-poppenhausen.de\/wp-content\/uploads\/2025\/02\/Flyer-Jungendwerbung2-286x300.jpg 286w, https:\/\/musikverein-poppenhausen.de\/wp-content\/uploads\/2025\/02\/Flyer-Jungendwerbung2-768x804.jpg 768w, https:\/\/musikverein-poppenhausen.de\/wp-content\/uploads\/2025\/02\/Flyer-Jungendwerbung2-1467x1536.jpg 1467w, https:\/\/musikverein-poppenhausen.de\/wp-content\/uploads\/2025\/02\/Flyer-Jungendwerbung2.jpg 1839w\" sizes=\"(max-width: 800px) 100vw, 800px\" \/><\/p>\n","protected":false},"excerpt":{"rendered":"<p>Ansprechpartner f\u00fcr das Jugendorchester ist Maik Lotz. Gerne \u00fcber das Kontaktformular anschreiben. Die Jugendorchester-Proben finden seit Oktober 2024 endlich wieder<\/p>\n","protected":false},"author":1,"featured_media":0,"parent":0,"menu_order":0,"comment_status":"closed","ping_status":"closed","template":"","meta":{"colormag_page_container_layout":"default_layout","colormag_page_sidebar_layout":"default_layout","footnotes":""},"_links":{"self":[{"href":"https:\/\/musikverein-poppenhausen.de\/index.php?rest_route=\/wp\/v2\/pages\/177"}],"collection":[{"href":"https:\/\/musikverein-poppenhausen.de\/index.php?rest_route=\/wp\/v2\/pages"}],"about":[{"href":"https:\/\/musikverein-poppenhausen.de\/index.php?rest_route=\/wp\/v2\/types\/page"}],"author":[{"embeddable":true,"href":"https:\/\/musikverein-poppenhausen.de\/index.php?rest_route=\/wp\/v2\/users\/1"}],"replies":[{"embeddable":true,"href":"https:\/\/musikverein-poppenhausen.de\/index.php?rest_route=%2Fwp%2Fv2%2Fcomments&post=177"}],"version-history":[{"count":17,"href":"https:\/\/musikverein-poppenhausen.de\/index.php?rest_route=\/wp\/v2\/pages\/177\/revisions"}],"predecessor-version":[{"id":1269,"href":"https:\/\/musikverein-poppenhausen.de\/index.php?rest_route=\/wp\/v2\/pages\/177\/revisions\/1269"}],"wp:attachment":[{"href":"https:\/\/musikverein-poppenhausen.de\/index.php?rest_route=%2Fwp%2Fv2%2Fmedia&parent=177"}],"curies":[{"name":"wp","href":"https:\/\/api.w.org\/{rel}","templated":true}]}}