{"id":204,"date":"2018-11-18T21:09:39","date_gmt":"2018-11-18T20:09:39","guid":{"rendered":"https:\/\/musikverein-poppenhausen.de\/?page_id=204"},"modified":"2025-12-31T12:33:05","modified_gmt":"2025-12-31T11:33:05","slug":"aktuelles","status":"publish","type":"page","link":"https:\/\/musikverein-poppenhausen.de\/?page_id=204","title":{"rendered":"Aktuelles"},"content":{"rendered":"<p style=\"text-align: center;\"><strong>\u00a0<\/strong><\/p>\n<p style=\"text-align: center;\"><strong>C\u00e4cilienball 2025 &#8211; Ehrungen<\/strong><\/p>\n<p><span class=\"lp_is_start\">Rolf Aufmhof, bereits seit 10 Jahren Ehrenmitglied des Musikvereins, wurde f\u00fcr 50 Jahre aktive Mitgliedschaft geehrt. Andreas Storch lobte Rolf Aufmhofs langj\u00e4hrigen Einsatz f\u00fcr den Musikverein und verlieh ihm zus\u00e4tzlich zur Ehrenuhrkunde mit der goldenen Vereinsnadel die h\u00f6chste Auszeichnung des Musikvereins &#8222;C\u00e4cilia&#8220; Poppenhausen<\/span>.<\/p>\n<p><img loading=\"lazy\" decoding=\"async\" class=\"alignnone size-full wp-image-1522\" src=\"https:\/\/musikverein-poppenhausen.de\/wp-content\/uploads\/2025\/12\/Ehrung-Rolf.png\" alt=\"\" width=\"929\" height=\"693\" srcset=\"https:\/\/musikverein-poppenhausen.de\/wp-content\/uploads\/2025\/12\/Ehrung-Rolf.png 929w, https:\/\/musikverein-poppenhausen.de\/wp-content\/uploads\/2025\/12\/Ehrung-Rolf-300x224.png 300w, https:\/\/musikverein-poppenhausen.de\/wp-content\/uploads\/2025\/12\/Ehrung-Rolf-768x573.png 768w\" sizes=\"(max-width: 929px) 100vw, 929px\" \/><\/p>\n<p style=\"text-align: center;\"><b>Ehrungen der 25-j\u00e4hrigen Vereinsmitgliedschaft<\/b><\/p>\n\n\n<p>Im Rahmen des C\u00e4cilienballs wurden Theresa Goldbach, Magdalena M\u00fcller, Monika Nix und Sebastian Heller f\u00fcr 25 Jahre Mitgliedschaft geehrt. Stellvertretend f\u00fcr den gesamten Vorstand \u00fcberreichte der 1. Vorsitzende Andreas Storch die Ehrenurkunden und bedankte sich f\u00fcr die weiterhin anhaltende Verbundenheit zum Verein.<\/p>\n\n\n\n<figure class=\"wp-block-image size-full\"><img loading=\"lazy\" decoding=\"async\" width=\"934\" height=\"646\" src=\"https:\/\/musikverein-poppenhausen.de\/wp-content\/uploads\/2025\/12\/Ehrung-25-Jaehriges-2025-1.png\" alt=\"\" class=\"wp-image-1524\" srcset=\"https:\/\/musikverein-poppenhausen.de\/wp-content\/uploads\/2025\/12\/Ehrung-25-Jaehriges-2025-1.png 934w, https:\/\/musikverein-poppenhausen.de\/wp-content\/uploads\/2025\/12\/Ehrung-25-Jaehriges-2025-1-300x207.png 300w, https:\/\/musikverein-poppenhausen.de\/wp-content\/uploads\/2025\/12\/Ehrung-25-Jaehriges-2025-1-768x531.png 768w, https:\/\/musikverein-poppenhausen.de\/wp-content\/uploads\/2025\/12\/Ehrung-25-Jaehriges-2025-1-392x272.png 392w, https:\/\/musikverein-poppenhausen.de\/wp-content\/uploads\/2025\/12\/Ehrung-25-Jaehriges-2025-1-130x90.png 130w\" sizes=\"(max-width: 934px) 100vw, 934px\" \/><\/figure>\n\n\n\n<p class=\"has-text-align-center\"><strong>Impressionen vom C\u00e4cilienball 2025<\/strong><\/p>\n\n\n\n<figure class=\"wp-block-image size-full\"><img loading=\"lazy\" decoding=\"async\" width=\"932\" height=\"644\" src=\"https:\/\/musikverein-poppenhausen.de\/wp-content\/uploads\/2025\/12\/Maria-Cill-Gesang-1.png\" alt=\"\" class=\"wp-image-1525\" srcset=\"https:\/\/musikverein-poppenhausen.de\/wp-content\/uploads\/2025\/12\/Maria-Cill-Gesang-1.png 932w, https:\/\/musikverein-poppenhausen.de\/wp-content\/uploads\/2025\/12\/Maria-Cill-Gesang-1-300x207.png 300w, https:\/\/musikverein-poppenhausen.de\/wp-content\/uploads\/2025\/12\/Maria-Cill-Gesang-1-768x531.png 768w, https:\/\/musikverein-poppenhausen.de\/wp-content\/uploads\/2025\/12\/Maria-Cill-Gesang-1-392x272.png 392w, https:\/\/musikverein-poppenhausen.de\/wp-content\/uploads\/2025\/12\/Maria-Cill-Gesang-1-130x90.png 130w\" sizes=\"(max-width: 932px) 100vw, 932px\" \/><figcaption class=\"wp-element-caption\">Maria Storch performte den Titel &#8222;I will always love you&#8220;<\/figcaption><\/figure>\n\n\n\n<figure class=\"wp-block-image size-full\"><img loading=\"lazy\" decoding=\"async\" width=\"930\" height=\"679\" src=\"https:\/\/musikverein-poppenhausen.de\/wp-content\/uploads\/2025\/12\/Moderation-2025.png\" alt=\"\" class=\"wp-image-1526\" srcset=\"https:\/\/musikverein-poppenhausen.de\/wp-content\/uploads\/2025\/12\/Moderation-2025.png 930w, https:\/\/musikverein-poppenhausen.de\/wp-content\/uploads\/2025\/12\/Moderation-2025-300x219.png 300w, https:\/\/musikverein-poppenhausen.de\/wp-content\/uploads\/2025\/12\/Moderation-2025-768x561.png 768w\" sizes=\"(max-width: 930px) 100vw, 930px\" \/><figcaption class=\"wp-element-caption\">Fabian Link und Korbinian Herget f\u00fchrten durch das Programm<\/figcaption><\/figure>\n\n\n\n<figure class=\"wp-block-image size-full\"><img loading=\"lazy\" decoding=\"async\" width=\"959\" height=\"673\" src=\"https:\/\/musikverein-poppenhausen.de\/wp-content\/uploads\/2025\/12\/Komet-2025.2.png\" alt=\"\" class=\"wp-image-1527\" srcset=\"https:\/\/musikverein-poppenhausen.de\/wp-content\/uploads\/2025\/12\/Komet-2025.2.png 959w, https:\/\/musikverein-poppenhausen.de\/wp-content\/uploads\/2025\/12\/Komet-2025.2-300x211.png 300w, https:\/\/musikverein-poppenhausen.de\/wp-content\/uploads\/2025\/12\/Komet-2025.2-768x539.png 768w, https:\/\/musikverein-poppenhausen.de\/wp-content\/uploads\/2025\/12\/Komet-2025.2-130x90.png 130w\" sizes=\"(max-width: 959px) 100vw, 959px\" \/><figcaption class=\"wp-element-caption\">Andreas Storch als Udo Lindenberg und Stefan M\u00fcller als Apache beim Titel &#8222;Komet&#8220;<\/figcaption><\/figure>\n\n\n\n<figure class=\"wp-block-image size-full\"><img loading=\"lazy\" decoding=\"async\" width=\"928\" height=\"692\" src=\"https:\/\/musikverein-poppenhausen.de\/wp-content\/uploads\/2025\/12\/Komet-2025.png\" alt=\"\" class=\"wp-image-1528\" srcset=\"https:\/\/musikverein-poppenhausen.de\/wp-content\/uploads\/2025\/12\/Komet-2025.png 928w, https:\/\/musikverein-poppenhausen.de\/wp-content\/uploads\/2025\/12\/Komet-2025-300x224.png 300w, https:\/\/musikverein-poppenhausen.de\/wp-content\/uploads\/2025\/12\/Komet-2025-768x573.png 768w\" sizes=\"(max-width: 928px) 100vw, 928px\" \/><\/figure>\n\n\n\n<p>Fotos: privat<\/p>\n","protected":false},"excerpt":{"rendered":"<p>\u00a0 C\u00e4cilienball 2025 &#8211; Ehrungen Rolf Aufmhof, bereits seit 10 Jahren Ehrenmitglied des Musikvereins, wurde f\u00fcr 50 Jahre aktive Mitgliedschaft<\/p>\n","protected":false},"author":1,"featured_media":0,"parent":0,"menu_order":0,"comment_status":"closed","ping_status":"closed","template":"","meta":{"colormag_page_container_layout":"no_sidebar_full_width","colormag_page_sidebar_layout":"right_sidebar","footnotes":""},"_links":{"self":[{"href":"https:\/\/musikverein-poppenhausen.de\/index.php?rest_route=\/wp\/v2\/pages\/204"}],"collection":[{"href":"https:\/\/musikverein-poppenhausen.de\/index.php?rest_route=\/wp\/v2\/pages"}],"about":[{"href":"https:\/\/musikverein-poppenhausen.de\/index.php?rest_route=\/wp\/v2\/types\/page"}],"author":[{"embeddable":true,"href":"https:\/\/musikverein-poppenhausen.de\/index.php?rest_route=\/wp\/v2\/users\/1"}],"replies":[{"embeddable":true,"href":"https:\/\/musikverein-poppenhausen.de\/index.php?rest_route=%2Fwp%2Fv2%2Fcomments&post=204"}],"version-history":[{"count":22,"href":"https:\/\/musikverein-poppenhausen.de\/index.php?rest_route=\/wp\/v2\/pages\/204\/revisions"}],"predecessor-version":[{"id":1530,"href":"https:\/\/musikverein-poppenhausen.de\/index.php?rest_route=\/wp\/v2\/pages\/204\/revisions\/1530"}],"wp:attachment":[{"href":"https:\/\/musikverein-poppenhausen.de\/index.php?rest_route=%2Fwp%2Fv2%2Fmedia&parent=204"}],"curies":[{"name":"wp","href":"https:\/\/api.w.org\/{rel}","templated":true}]}}