{"id":399,"date":"2018-11-22T07:34:30","date_gmt":"2018-11-22T06:34:30","guid":{"rendered":"https:\/\/musikverein-poppenhausen.de\/?page_id=399"},"modified":"2018-11-22T07:38:38","modified_gmt":"2018-11-22T06:38:38","slug":"gaestebuch","status":"publish","type":"page","link":"https:\/\/musikverein-poppenhausen.de\/?page_id=399","title":{"rendered":"G\u00e4stebuch"},"content":{"rendered":"<div class=\"gwolle-gb\"><div class=\"gwolle_gb_messages_top_container\"><\/div>\n\t\t\t<div class=\"gwolle-gb-write-button\">\n\t\t\t\t<input type=\"button\" name=\"gwolle-gb-write-button\" class=\"button btn btn-default \" value=\"Neuen Eintrag schreiben\" \/>\n\t\t\t<\/div>\n\t\t\t<form action=\"#\" method=\"POST\" class=\"gwolle-gb-write gwolle-gb-hide gwolle-gb-float gwolle_gb_form_ajax gwolle-gb-form-ajax gwolle-gb-ajax gwolle-gb-not-logged-in\">\n\t\t\t\t<h3>Einen neuen Eintrag f\u00fcr das G\u00e4stebuch schreiben<\/h3>\n\t\t\t\t<button type=\"button\" class=\"gb-notice-dismiss\">x<span class=\"screen-reader-text\">Dieses Formular ausblenden<\/span><\/button>\n\t\t\t\n\t\t\t\t<input type=\"hidden\" name=\"gwolle_gb_function\" class=\"gwolle_gb_function\" value=\"add_entry\" \/><input type=\"hidden\" name=\"gwolle_gb_book_id\" class=\"gwolle_gb_book_id\" value=\"1\" \/><div class=\"gwolle_gb_47358c628bf10706bd9a22b26ffcd3f1\">\n\t\t\t\t<div class=\"label\"><label for=\"gwolle_gb_47358c628bf10706bd9a22b26ffcd3f1-1\" class=\"text-info\">Name <span class=\"required\">*<\/span><\/label><\/div>\n\t\t\t\t<div class=\"input\"><input class=\"wp-exclude-emoji gwolle_gb_47358c628bf10706bd9a22b26ffcd3f1\" value=\"\" type=\"text\" id=\"gwolle_gb_47358c628bf10706bd9a22b26ffcd3f1-1\" name=\"gwolle_gb_47358c628bf10706bd9a22b26ffcd3f1\" required \/><\/div>\n\t\t\t\t<div class=\"clearBoth\">&nbsp;<\/div>\n\t\t\t<\/div><div class=\"gwolle_gb_64a99dd0ed47d66221d1db0377253235\">\n\t\t\t\t<div class=\"label\"><label for=\"gwolle_gb_64a99dd0ed47d66221d1db0377253235-1\" class=\"text-info\">E-Mail <span class=\"required\">*<\/span><\/label><\/div>\n\t\t\t\t<div class=\"input\"><input class=\"gwolle_gb_64a99dd0ed47d66221d1db0377253235\" value=\"\" type=\"email\" id=\"gwolle_gb_64a99dd0ed47d66221d1db0377253235-1\" name=\"gwolle_gb_64a99dd0ed47d66221d1db0377253235\" required \/><\/div>\n\t\t\t\t<div class=\"clearBoth\">&nbsp;<\/div>\n\t\t\t<\/div><div class=\"gwolle_gb_2d24053d765ea7243f87be7d67996306\">\n\t\t\t\t<div class=\"label\"><label for=\"gwolle_gb_2d24053d765ea7243f87be7d67996306-1\" class=\"text-info\">Website<\/label><\/div>\n\t\t\t\t<div class=\"input\"><input class=\"gwolle_gb_2d24053d765ea7243f87be7d67996306\" value=\"\" type=\"url\" id=\"gwolle_gb_2d24053d765ea7243f87be7d67996306-1\" name=\"gwolle_gb_2d24053d765ea7243f87be7d67996306\" \/><\/div>\n\t\t\t\t<div class=\"clearBoth\">&nbsp;<\/div>\n\t\t\t<\/div>\n\t\t\t<div class=\"gwolle_gb_e158ac06578d06d8c37a8cc3279da8e8\" style=\"display:none;overflow:hidden;\" hidden=\"true\" aria-hidden=\"true\">\n\t\t\t\t<div class=\"label\">\n\t\t\t\t\t<label for=\"gwolle_gb_e158ac06578d06d8c37a8cc3279da8e8-1\" class=\"text-primary\">Hier nichts eingeben<\/label>\n\t\t\t\t\t<label for=\"gwolle_gb_a795ed9f3f918d01e656ac8ac8d710fa-1\" class=\"text-primary\">Hier nichts eingeben<\/label>\n\t\t\t\t<\/div>\n\t\t\t\t<div class=\"input\">\n\t\t\t\t\t<input value=\"55\" type=\"text\" id=\"gwolle_gb_e158ac06578d06d8c37a8cc3279da8e8-1\" name=\"gwolle_gb_e158ac06578d06d8c37a8cc3279da8e8\" class=\"gwolle_gb_e158ac06578d06d8c37a8cc3279da8e8\" style=\"transform: translateY(10000px);\" \/>\n\t\t\t\t\t<input value=\"\" type=\"text\" name=\"gwolle_gb_a795ed9f3f918d01e656ac8ac8d710fa\" id=\"gwolle_gb_a795ed9f3f918d01e656ac8ac8d710fa-1\" class=\"gwolle_gb_a795ed9f3f918d01e656ac8ac8d710fa\" style=\"transform: translateY(10000px);\" \/>\n\t\t\t\t<\/div>\n\t\t\t\t<div class=\"clearBoth\"><\/div>\n\t\t\t<\/div>\n\t\t\t<div class=\"gwolle_gb_4119d991b6463cd5f6272fcf0620f6c7\" style=\"display:none;overflow:hidden;\" hidden=\"true\" aria-hidden=\"true\">\n\t\t\t\t<div class=\"label\">\n\t\t\t\t\t<label for=\"gwolle_gb_4119d991b6463cd5f6272fcf0620f6c7-1\" class=\"text-primary\">Hier nichts eingeben<\/label>\n\t\t\t\t\t<label for=\"gwolle_gb_de8bed485013f98d30c7122ddd906c59-1\" class=\"text-primary\">Hier nichts eingeben<\/label>\n\t\t\t\t<\/div>\n\t\t\t\t<div class=\"input\">\n\t\t\t\t\t<input value=\"68761\" type=\"text\" id=\"gwolle_gb_4119d991b6463cd5f6272fcf0620f6c7-1\" name=\"gwolle_gb_4119d991b6463cd5f6272fcf0620f6c7\" class=\"gwolle_gb_4119d991b6463cd5f6272fcf0620f6c7\" style=\"transform: translateY(10000px);\" \/>\n\t\t\t\t\t<input value=\"68761\" type=\"text\"id=\"gwolle_gb_de8bed485013f98d30c7122ddd906c59-1\" name=\"gwolle_gb_de8bed485013f98d30c7122ddd906c59\" class=\"gwolle_gb_de8bed485013f98d30c7122ddd906c59\" style=\"transform: translateY(10000px);\" \/>\n\t\t\t\t<\/div>\n\t\t\t\t<div class=\"clearBoth\"><\/div>\n\t\t\t<\/div><div class=\"gwolle_gb_content\">\n\t\t\t\t<div class=\"label\"><label for=\"gwolle_gb_content-1\" class=\"text-info\">G\u00e4stebucheintrag <span class=\"required\">*<\/span><\/label><\/div>\n\t\t\t\t<div class=\"input\"><textarea id=\"gwolle_gb_content-1\" name=\"gwolle_gb_content\" class=\"gwolle_gb_content wp-exclude-emoji\" required ><\/textarea><div class=\"gwolle_gb_emoji gwolle-gb-hide\">\n\t\t<a title=\"\ud83d\ude04\" class=\"gwolle_gb_emoji_1 noslimstat\">\ud83d\ude04<\/a>\n\t\t<a title=\"\ud83d\ude03\" class=\"gwolle_gb_emoji_2 noslimstat\">\ud83d\ude03<\/a>\n\t\t<a title=\"\ud83d\ude09\" class=\"gwolle_gb_emoji_3 noslimstat\">\ud83d\ude09<\/a>\n\t\t<a title=\"\ud83d\ude0a\" class=\"gwolle_gb_emoji_4 noslimstat\">\ud83d\ude0a<\/a>\n\t\t<a title=\"\ud83d\ude1a\" class=\"gwolle_gb_emoji_5 noslimstat\">\ud83d\ude1a<\/a>\n\t\t<a title=\"\ud83d\ude17\" class=\"gwolle_gb_emoji_6 noslimstat\">\ud83d\ude17<\/a>\n\t\t<a title=\"\ud83d\ude1c\" class=\"gwolle_gb_emoji_7 noslimstat\">\ud83d\ude1c<\/a>\n\t\t<a title=\"\ud83d\ude1b\" class=\"gwolle_gb_emoji_8 noslimstat\">\ud83d\ude1b<\/a>\n\t\t<a title=\"\ud83d\ude33\" class=\"gwolle_gb_emoji_9 noslimstat\">\ud83d\ude33<\/a>\n\t\t<a title=\"\ud83d\ude01\" class=\"gwolle_gb_emoji_10 noslimstat\">\ud83d\ude01<\/a>\n\t\t<a title=\"\ud83d\ude2c\" class=\"gwolle_gb_emoji_11 noslimstat\">\ud83d\ude2c<\/a>\n\t\t<a title=\"\ud83d\ude0c\" class=\"gwolle_gb_emoji_12 noslimstat\">\ud83d\ude0c<\/a>\n\t\t<a title=\"\ud83d\ude1e\" class=\"gwolle_gb_emoji_13 noslimstat\">\ud83d\ude1e<\/a>\n\t\t<a title=\"\ud83d\ude18\" class=\"gwolle_gb_emoji_14 noslimstat\">\ud83d\ude18<\/a>\n\t\t<a title=\"\ud83d\ude0d\" class=\"gwolle_gb_emoji_15 noslimstat\">\ud83d\ude0d<\/a>\n\t\t<a title=\"\ud83d\ude22\" class=\"gwolle_gb_emoji_16 noslimstat\">\ud83d\ude22<\/a>\n\t\t<a title=\"\ud83d\ude02\" class=\"gwolle_gb_emoji_17 noslimstat\">\ud83d\ude02<\/a>\n\t\t<a title=\"\ud83d\ude2d\" class=\"gwolle_gb_emoji_18 noslimstat\">\ud83d\ude2d<\/a>\n\t\t<a title=\"\ud83d\ude05\" class=\"gwolle_gb_emoji_19 noslimstat\">\ud83d\ude05<\/a>\n\t\t<a title=\"\ud83d\ude13\" class=\"gwolle_gb_emoji_20 noslimstat\">\ud83d\ude13<\/a>\n\t\t<a title=\"\ud83d\ude29\" class=\"gwolle_gb_emoji_21 noslimstat\">\ud83d\ude29<\/a>\n\t\t<a title=\"\ud83d\ude2e\" class=\"gwolle_gb_emoji_22 noslimstat\">\ud83d\ude2e<\/a>\n\t\t<a title=\"\ud83d\ude31\" class=\"gwolle_gb_emoji_23 noslimstat\">\ud83d\ude31<\/a>\n\t\t<a title=\"\ud83d\ude20\" class=\"gwolle_gb_emoji_24 noslimstat\">\ud83d\ude20<\/a>\n\t\t<a title=\"\ud83d\ude21\" class=\"gwolle_gb_emoji_25 noslimstat\">\ud83d\ude21<\/a>\n\t\t<a title=\"\ud83d\ude24\" class=\"gwolle_gb_emoji_26 noslimstat\">\ud83d\ude24<\/a>\n\t\t<a title=\"\ud83d\ude0b\" class=\"gwolle_gb_emoji_27 noslimstat\">\ud83d\ude0b<\/a>\n\t\t<a title=\"\ud83d\ude0e\" class=\"gwolle_gb_emoji_28 noslimstat\">\ud83d\ude0e<\/a>\n\t\t<a title=\"\ud83d\ude34\" class=\"gwolle_gb_emoji_29 noslimstat\">\ud83d\ude34<\/a>\n\t\t<a title=\"\ud83d\ude08\" class=\"gwolle_gb_emoji_30 noslimstat\">\ud83d\ude08<\/a>\n\t\t<a title=\"\ud83d\ude07\" class=\"gwolle_gb_emoji_31 noslimstat\">\ud83d\ude07<\/a>\n\t\t<a title=\"\ud83d\ude15\" class=\"gwolle_gb_emoji_32 noslimstat\">\ud83d\ude15<\/a>\n\t\t<a title=\"\ud83d\ude0f\" class=\"gwolle_gb_emoji_33 noslimstat\">\ud83d\ude0f<\/a>\n\t\t<a title=\"\ud83d\ude11\" class=\"gwolle_gb_emoji_34 noslimstat\">\ud83d\ude11<\/a>\n\t\t<a title=\"\ud83d\udc72\" class=\"gwolle_gb_emoji_35 noslimstat\">\ud83d\udc72<\/a>\n\t\t<a title=\"\ud83d\udc6e\" class=\"gwolle_gb_emoji_36 noslimstat\">\ud83d\udc6e<\/a>\n\t\t<a title=\"\ud83d\udc82\" class=\"gwolle_gb_emoji_37 noslimstat\">\ud83d\udc82<\/a>\n\t\t<a title=\"\ud83d\udc76\" class=\"gwolle_gb_emoji_38 noslimstat\">\ud83d\udc76<\/a>\n\t\t<a title=\"\u2764\" class=\"gwolle_gb_emoji_39 noslimstat\">\u2764<\/a>\n\t\t<a title=\"\ud83d\udc94\" class=\"gwolle_gb_emoji_40 noslimstat\">\ud83d\udc94<\/a>\n\t\t<a title=\"\ud83d\udc95\" class=\"gwolle_gb_emoji_41 noslimstat\">\ud83d\udc95<\/a>\n\t\t<a title=\"\ud83d\udc98\" class=\"gwolle_gb_emoji_42 noslimstat\">\ud83d\udc98<\/a>\n\t\t<a title=\"\ud83d\udc8c\" class=\"gwolle_gb_emoji_43 noslimstat\">\ud83d\udc8c<\/a>\n\t\t<a title=\"\ud83d\udc8b\" class=\"gwolle_gb_emoji_44 noslimstat\">\ud83d\udc8b<\/a>\n\t\t<a title=\"\ud83c\udf81\" class=\"gwolle_gb_emoji_45 noslimstat\">\ud83c\udf81<\/a>\n\t\t<a title=\"\ud83d\udcb0\" class=\"gwolle_gb_emoji_46 noslimstat\">\ud83d\udcb0<\/a>\n\t\t<a title=\"\ud83d\udc8d\" class=\"gwolle_gb_emoji_47 noslimstat\">\ud83d\udc8d<\/a>\n\t\t<a title=\"\ud83d\udc4d\" class=\"gwolle_gb_emoji_48 noslimstat\">\ud83d\udc4d<\/a>\n\t\t<a title=\"\ud83d\udc4e\" class=\"gwolle_gb_emoji_49 noslimstat\">\ud83d\udc4e<\/a>\n\t\t<a title=\"\ud83d\udc4c\" class=\"gwolle_gb_emoji_50 noslimstat\">\ud83d\udc4c<\/a>\n\t\t<a title=\"\u270c\ufe0f\" class=\"gwolle_gb_emoji_51 noslimstat\">\u270c\ufe0f<\/a>\n\t\t<a title=\"\ud83e\udd18\ufe0f\" class=\"gwolle_gb_emoji_52 noslimstat\">\ud83e\udd18<\/a>\n\t\t<a title=\"\ud83d\udc4f\" class=\"gwolle_gb_emoji_53 noslimstat\">\ud83d\udc4f<\/a>\n\t\t<a title=\"\ud83c\udfb5\" class=\"gwolle_gb_emoji_54 noslimstat\">\ud83c\udfb5<\/a>\n\t\t<a title=\"\u2615\ufe0f\" class=\"gwolle_gb_emoji_55 noslimstat\">\u2615\ufe0f<\/a>\n\t\t<a title=\"\ud83c\udf75\" class=\"gwolle_gb_emoji_56 noslimstat\">\ud83c\udf75<\/a>\n\t\t<a title=\"\ud83c\udf7a\" class=\"gwolle_gb_emoji_57 noslimstat\">\ud83c\udf7a<\/a>\n\t\t<a title=\"\ud83c\udf77\" class=\"gwolle_gb_emoji_58 noslimstat\">\ud83c\udf77<\/a>\n\t\t<a title=\"\ud83c\udf7c\" class=\"gwolle_gb_emoji_59 noslimstat\">\ud83c\udf7c<\/a>\n\t\t<a title=\"\u2600\ufe0f\" class=\"gwolle_gb_emoji_60 noslimstat\">\u2600\ufe0f<\/a>\n\t\t<a title=\"\ud83c\udf24\" class=\"gwolle_gb_emoji_61 noslimstat\">\ud83c\udf24<\/a>\n\t\t<a title=\"\ud83c\udf26\" class=\"gwolle_gb_emoji_62 noslimstat\">\ud83c\udf26<\/a>\n\t\t<a title=\"\ud83c\udf27\" class=\"gwolle_gb_emoji_63 noslimstat\">\ud83c\udf27<\/a>\n\t\t<a title=\"\ud83c\udf1c\" class=\"gwolle_gb_emoji_64 noslimstat\">\ud83c\udf1c<\/a>\n\t\t<a title=\"\ud83c\udf08\" class=\"gwolle_gb_emoji_65 noslimstat\">\ud83c\udf08<\/a>\n\t\t<a title=\"\ud83c\udfdd\" class=\"gwolle_gb_emoji_66 noslimstat\">\ud83c\udfdd<\/a>\n\t\t<a title=\"\ud83c\udf85\" class=\"gwolle_gb_emoji_67 noslimstat\">\ud83c\udf85<\/a>\n\t\t<\/div><\/div>\n\t\t\t\t\t<div class=\"clearBoth\">&nbsp;<\/div>\n\t\t\t\t<\/div><input type=\"hidden\" class=\"gwolle_gb_871cabf999bdc36b0e95c848457de783\" id=\"gwolle_gb_871cabf999bdc36b0e95c848457de783-1\" name=\"gwolle_gb_871cabf999bdc36b0e95c848457de783\" value=\"570dac279b\" \/>\n\t\t\t<div class=\"gwolle_gb_messages_bottom_container\"><\/div>\n\n\t\t\t<noscript><div class=\"no-js\">Warnung: Dieses Formular kann nur verwendet werden, wenn in deinem Browser JavaScript aktiviert ist.<\/div><\/noscript>\n\n\t\t\t<div class=\"gwolle_gb_submit\">\n\t\t\t\t<div class=\"label gwolle-gb-invisible text-muted\">&nbsp;<\/div>\n\t\t\t\t<div class=\"input\">\n\t\t\t\t\t<input type=\"submit\" name=\"gwolle_gb_submit\" class=\"gwolle_gb_submit button btn btn-primary \" value=\"Absenden\" \/>\n\t\t\t\t\t<span class=\"gwolle_gb_submit_ajax_icon\"><\/span>\n\t\t\t\n\t\t\t\t<\/div>\n\t\t\t\t<div class=\"clearBoth\">&nbsp;<\/div>\n\t\t\t<\/div>\n\n\t\t\t<div class=\"gwolle_gb_notice\">\n\t\t\t\tMit * gekennzeichnete Felder sind erforderlich.<br \/>\r\nDeine E-Mail-Adresse wird nicht ver\u00f6ffentlicht.<br \/>\r\nEs ist m\u00f6glich, dass dein Eintrag im G\u00e4stebuch erst sichtbar ist, nachdem wir ihn \u00fcberpr\u00fcft haben.<br \/>\r\nWir behalten uns vor, Eintr\u00e4ge zu bearbeiten, zu l\u00f6schen oder nicht zu ver\u00f6ffentlichen.\n\t\t\t<\/div><\/form>\n\t\t\t\t<div class=\"page-navigation\">\n\t\t\t\t\t<span class=\"screen-reader-text\">Navigation der G\u00e4stebuchliste<\/span><span class=\"page-numbers current\">1<\/span><a href=\"https:\/\/musikverein-poppenhausen.de\/?page_id=399&pageNum=2\" title=\"Seite 2\">2<\/a><a href=\"https:\/\/musikverein-poppenhausen.de\/?page_id=399&pageNum=2\" title=\"N\u00e4chste Seite\" rel=\"next\">&rarr;<\/a><\/div>\n\t\t<div class=\"gwolle-gb-read gwolle-gb-ajax gwolle-gb-entries-list\" data-book_id=\"1\" data-page_id=\"1\">\n\t\t<div id=\"gwolle-gb-total\" class=\"gwolle-gb-total\">5 Eintr\u00e4ge<\/div><!-- Gwolle-GB Entry: Default Template Loaded -->\n\t\t\t\t<div class=\"gb-entry gb-entry_8 gb-entry-count_1 gwolle_gb_uneven gwolle-gb-uneven gwolle-gb-first\" data-entry_id=\"8\">\n\t\t\t\t<article>\n\t\t\t\t\t<div class=\"gb-author-info\">\n\t\t\t\t\t\t<span class=\"gb-author-name\">Joachim M\u00fcller\n\t\t\t\t\t\t<\/span>\n\t\t\t\t\t<\/div>\n\t\t\t\t\t<div class=\"gb-entry-content\">2022 + 24 haben wir euer tolles Oktoberfest mit unseren Alt-Fu\u00dfballern (SOMA die Roten) besucht.<br \/>\nAlles hat wieder mal super geklappt, von der \u00dcbernachtung mit Fr\u00fchst\u00fcck bei Sabine (Haus Elisabeth) bis hin zu dem tollen Oktoberfest das von der Auswahl der Musikanten \u00fcber die Verpflegung bis zur Bewirtung uns allen sehr gut gefallen hat.<br \/>\nIch denke wir haben doch reichlich Umsatz und Stimmung gemacht.<br \/>\nViele liebe Gr\u00fc\u00dfe noch an die Fa. Manfred Storch.<br \/>\nWir kommen wieder \ud83d\ude42 <br \/>\n<br \/>\nGeneral M\u00fcller\n\t\t\t\t\t<\/div>\n\t\t\t\t<\/article>\n\t\t\t<\/div>\n\t\t\t<div class=\"gb-entry gb-entry_7 gb-entry-count_2 gwolle_gb_even gwolle-gb-even\" data-entry_id=\"7\">\n\t\t\t\t<article>\n\t\t\t\t\t<div class=\"gb-author-info\">\n\t\t\t\t\t\t<span class=\"gb-author-name\"><i class=\"gb-moderator\">Hans Aschenbach<\/i>\n\t\t\t\t\t\t<\/span>\n\t\t\t\t\t<\/div>\n\t\t\t\t\t<div class=\"gb-entry-content\">Ein Superwochendende mit Euch!<br \/>\nSpa\u00df pur f\u00fcr mich und Begeisterung an euer Arbeit!!! Nochmals vielen dank vom ein alter Kerl!!!<br \/>\n<br \/>\nOnkel Hansi\n\t\t\t\t\t<\/div>\n\t\t\t\t<\/article>\n\t\t\t<\/div>\n\t\t\t<div class=\"gb-entry gb-entry_6 gb-entry-count_3 gwolle_gb_uneven gwolle-gb-uneven\" data-entry_id=\"6\">\n\t\t\t\t<article>\n\t\t\t\t\t<div class=\"gb-author-info\">\n\t\t\t\t\t\t<span class=\"gb-author-name\"><a href=\"http:\/\/www.marchingband-bachrain.de\" target=\"_blank\" rel=\"nofollow noopener noreferrer\"\n\t\t\t\t\t\t\ttitle=\"Besuche die Website von Dirk B\u00f6hm: http:\/\/www.marchingband-bachrain.de\"><i class=\"gb-moderator\">Dirk B\u00f6hm<\/i><\/a>\n\t\t\t\t\t\t<\/span>\n\t\t\t\t\t<\/div>\n\t\t\t\t\t<div class=\"gb-entry-content\">Hallo Ihr Musikanten aus unserem Dorf!<br \/>\n<br \/>\nNoch ne gute Woche bis zur Cill, ich freue mich dieses Jahr ganz besonders darauf, Euch zu h\u00f6ren.<br \/>\n<br \/>\nUnd endlich unterst\u00fctzen wir Euch mehr, als es als Zuh\u00f6rer m\u00f6glich ist.<br \/>\nUnsere Emma ist nun als Alt-Sax bei Euch eingestiegen.<br \/>\nVon daher bin ich noch mehr gespannt darauf.<br \/>\n<br \/>\nUnser Konzert liegt schon wieder fast ne Woche zur\u00fcck und Manfred gab uns wieder die Ehre!<br \/>\nVielen Dank daf\u00fcr !<br \/>\n<br \/>\nAuf eine sch\u00f6ne und erfolgreiche Cill!<br \/>\nGru\u00df Dirk\n\t\t\t\t\t<\/div>\n\t\t\t\t<\/article>\n\t\t\t<\/div>\n\t\t\t<\/div>\n\t\t\t\t<div class=\"page-navigation\">\n\t\t\t\t\t<span class=\"screen-reader-text\">Navigation der G\u00e4stebuchliste<\/span><span class=\"page-numbers current\">1<\/span><a href=\"https:\/\/musikverein-poppenhausen.de\/?page_id=399&pageNum=2\" title=\"Seite 2\">2<\/a><a href=\"https:\/\/musikverein-poppenhausen.de\/?page_id=399&pageNum=2\" title=\"N\u00e4chste Seite\" rel=\"next\">&rarr;<\/a><\/div>\n\t\t<\/div>\n","protected":false},"excerpt":{"rendered":"","protected":false},"author":1,"featured_media":0,"parent":0,"menu_order":0,"comment_status":"closed","ping_status":"closed","template":"","meta":{"colormag_page_container_layout":"default_layout","colormag_page_sidebar_layout":"default_layout","footnotes":""},"_links":{"self":[{"href":"https:\/\/musikverein-poppenhausen.de\/index.php?rest_route=\/wp\/v2\/pages\/399"}],"collection":[{"href":"https:\/\/musikverein-poppenhausen.de\/index.php?rest_route=\/wp\/v2\/pages"}],"about":[{"href":"https:\/\/musikverein-poppenhausen.de\/index.php?rest_route=\/wp\/v2\/types\/page"}],"author":[{"embeddable":true,"href":"https:\/\/musikverein-poppenhausen.de\/index.php?rest_route=\/wp\/v2\/users\/1"}],"replies":[{"embeddable":true,"href":"https:\/\/musikverein-poppenhausen.de\/index.php?rest_route=%2Fwp%2Fv2%2Fcomments&post=399"}],"version-history":[{"count":2,"href":"https:\/\/musikverein-poppenhausen.de\/index.php?rest_route=\/wp\/v2\/pages\/399\/revisions"}],"predecessor-version":[{"id":402,"href":"https:\/\/musikverein-poppenhausen.de\/index.php?rest_route=\/wp\/v2\/pages\/399\/revisions\/402"}],"wp:attachment":[{"href":"https:\/\/musikverein-poppenhausen.de\/index.php?rest_route=%2Fwp%2Fv2%2Fmedia&parent=399"}],"curies":[{"name":"wp","href":"https:\/\/api.w.org\/{rel}","templated":true}]}}